{"id":127,"date":"2021-12-30T20:51:05","date_gmt":"2021-12-30T19:51:05","guid":{"rendered":"https:\/\/eggertshus.dk\/?page_id=127"},"modified":"2023-12-29T10:51:30","modified_gmt":"2023-12-29T09:51:30","slug":"behandling","status":"publish","type":"page","link":"https:\/\/eggertshus.dk\/index.php\/behandling\/","title":{"rendered":"Behandling"},"content":{"rendered":"\n<p>Den p\u00e6dagogiske metode i arbejdet med de anbragte b\u00f8rn og unge p\u00e5 Eggertshus, er med udgangspunkt i det enkelte barns udviklingsniveau og specifikke behov, formuleret i f\u00f8lgende m\u00e5ls\u00e6tning:<\/p>\n\n\n\n<p>\u201dat etablere, vedligeholde og udvikle et terapeutisk milj\u00f8, hvori det enkelte u integrerede barns muligheder for s\u00e5vel personlig, socialt og intellektuel udvikling, i rigt omfang er til stede\u201d<\/p>\n\n\n\n<p>Det daglige arbejde og p\u00e6dagogiske praksis er funderet i Milj\u00f8terapi, der er en terapeutisk metode med, hvilken det er muligt at skabe muligheder for forandring hos den anbragte og kan defineres som, en systematisk og gennemt\u00e6nkt tilrettel\u00e6ggelse af milj\u00f8ets psykologiske, sociale og materielle\/fysiske betingelser i forhold til individets og gruppens situation og behov. Hensigten med dette er, at fremme deres muligheder for indl\u00e6ring, mestring og personligt ansvar. Det milj\u00f8terapeutiske system (organisation), er en helhed, der fungerer i forening med, og i relation til omverdenen.<\/p>\n\n\n\n<figure class=\"wp-block-image size-large\"><img loading=\"lazy\" decoding=\"async\" width=\"1024\" height=\"683\" src=\"http:\/\/16.170.43.65\/wp-content\/uploads\/2021\/12\/boys-g034c666b6_1920-1024x683.jpg\" alt=\"\" class=\"wp-image-152\" srcset=\"https:\/\/eggertshus.dk\/wp-content\/uploads\/2021\/12\/boys-g034c666b6_1920-1024x683.jpg 1024w, https:\/\/eggertshus.dk\/wp-content\/uploads\/2021\/12\/boys-g034c666b6_1920-300x200.jpg 300w, https:\/\/eggertshus.dk\/wp-content\/uploads\/2021\/12\/boys-g034c666b6_1920-768x512.jpg 768w, https:\/\/eggertshus.dk\/wp-content\/uploads\/2021\/12\/boys-g034c666b6_1920-1536x1024.jpg 1536w, https:\/\/eggertshus.dk\/wp-content\/uploads\/2021\/12\/boys-g034c666b6_1920.jpg 1920w\" sizes=\"auto, (max-width: 1024px) 100vw, 1024px\" \/><figcaption class=\"wp-element-caption\">B\u00f8rnene l\u00e6re normer og regler for social interaktion i samspil med de andre b\u00f8rn og voksne p\u00e5 institutionen, s\u00e5ledes at de frit kan \u00f8ve sig i mestre det i et trygt milj\u00f8.<\/figcaption><\/figure>\n\n\n\n<p>Milj\u00f8terapi er en selvst\u00e6ndig arbejdsform, hvor der er tale om, at selve interventionen sker i milj\u00f8et og i en fortl\u00f8bende interaktion mellem milj\u00f8, milj\u00f8terapeut og barn og foreg\u00e5r kontinuerligt i den prim\u00e6re dagligdag. Milj\u00f8terapien knytter sig til en r\u00e6kke dagligdagssituationer \u201cn\u00f8glesituationer\u201d, der p\u00e5 den ene eller anden m\u00e5de v\u00e6kker uro, \u00e6ngstelse eller frustration hos barnet, men kan ogs\u00e5 l\u00e6gge op til behovstilfredsstillelse og omsorg. Strukturerne skal prim\u00e6rt v\u00e6re kendetegnet ved klarhed, ensartethed og forudsigelighed s\u00e5ledes, at selve strukturen grundl\u00e6ggende signalere b\u00e5de omsorg og kontrollerende st\u00f8tte. Som en st\u00f8tte i det fremadrettede arbejde med de anbragte, anvendes Narrativ metode, hvor der l\u00e6gger v\u00e6gt p\u00e5, at problemet er adskilt fra personen s\u00e5ledes, at det ikke er personen, der er problemet. Der arbejdes med identitet og tilvejebringelse af nye positive livshistorier og handlemuligheder med respekt for den anbragte. I et samarbejde mellem den anbragte og kontaktp\u00e6dagog udforskes det gennem n\u00e6nsom dialog, hvordan det aktuelle problem p\u00e5virker den anbragtes liv p\u00e5 forskellige omr\u00e5der. Hermed skabes der mulighed for nye handlemulighed der for den anbragte.<\/p>\n\n\n\n<figure class=\"wp-block-image size-large\"><img loading=\"lazy\" decoding=\"async\" width=\"1024\" height=\"724\" src=\"http:\/\/16.170.43.65\/wp-content\/uploads\/2021\/12\/help-gb2d4aa7f7_1920-1024x724.jpg\" alt=\"\" class=\"wp-image-156\" srcset=\"https:\/\/eggertshus.dk\/wp-content\/uploads\/2021\/12\/help-gb2d4aa7f7_1920-1024x724.jpg 1024w, https:\/\/eggertshus.dk\/wp-content\/uploads\/2021\/12\/help-gb2d4aa7f7_1920-300x212.jpg 300w, https:\/\/eggertshus.dk\/wp-content\/uploads\/2021\/12\/help-gb2d4aa7f7_1920-768x543.jpg 768w, https:\/\/eggertshus.dk\/wp-content\/uploads\/2021\/12\/help-gb2d4aa7f7_1920-1536x1086.jpg 1536w, https:\/\/eggertshus.dk\/wp-content\/uploads\/2021\/12\/help-gb2d4aa7f7_1920.jpg 1920w\" sizes=\"auto, (max-width: 1024px) 100vw, 1024px\" \/><figcaption class=\"wp-element-caption\">Med et udgangspunkt i milj\u00f8terapien, der er grundl\u00e6ggende i dagligdagen p\u00e5 Eggertshus, tilbydes den enkelte anbragte et kontinuerligt Narrativt samtaleforl\u00f8b med henblik p\u00e5 skabelse af nye positive livshistorier. Den Systemiske Familieterapi tilbydes til de anbragte eller\/og deres familier, der kan profitere af den.<\/figcaption><\/figure>\n\n\n\n<p><\/p>\n","protected":false},"excerpt":{"rendered":"<p>Den p\u00e6dagogiske metode i arbejdet med de anbragte b\u00f8rn og unge p\u00e5 Eggertshus, er med udgangspunkt i det enkelte barns udviklingsniveau og specifikke behov, formuleret i f\u00f8lgende m\u00e5ls\u00e6tning: \u201dat etablere, vedligeholde og udvikle et terapeutisk milj\u00f8, hvori det enkelte u integrerede barns muligheder for s\u00e5vel personlig, socialt og intellektuel udvikling, i rigt omfang er til [&hellip;]<\/p>\n","protected":false},"author":1,"featured_media":0,"parent":0,"menu_order":0,"comment_status":"closed","ping_status":"closed","template":"","meta":{"footnotes":""},"class_list":["post-127","page","type-page","status-publish","hentry"],"_links":{"self":[{"href":"https:\/\/eggertshus.dk\/index.php\/wp-json\/wp\/v2\/pages\/127","targetHints":{"allow":["GET"]}}],"collection":[{"href":"https:\/\/eggertshus.dk\/index.php\/wp-json\/wp\/v2\/pages"}],"about":[{"href":"https:\/\/eggertshus.dk\/index.php\/wp-json\/wp\/v2\/types\/page"}],"author":[{"embeddable":true,"href":"https:\/\/eggertshus.dk\/index.php\/wp-json\/wp\/v2\/users\/1"}],"replies":[{"embeddable":true,"href":"https:\/\/eggertshus.dk\/index.php\/wp-json\/wp\/v2\/comments?post=127"}],"version-history":[{"count":8,"href":"https:\/\/eggertshus.dk\/index.php\/wp-json\/wp\/v2\/pages\/127\/revisions"}],"predecessor-version":[{"id":299,"href":"https:\/\/eggertshus.dk\/index.php\/wp-json\/wp\/v2\/pages\/127\/revisions\/299"}],"wp:attachment":[{"href":"https:\/\/eggertshus.dk\/index.php\/wp-json\/wp\/v2\/media?parent=127"}],"curies":[{"name":"wp","href":"https:\/\/api.w.org\/{rel}","templated":true}]}}