{"id":13,"date":"2021-12-30T17:44:54","date_gmt":"2021-12-30T16:44:54","guid":{"rendered":"https:\/\/eggertshus.dk\/?page_id=13"},"modified":"2023-12-29T11:13:08","modified_gmt":"2023-12-29T10:13:08","slug":"om","status":"publish","type":"page","link":"https:\/\/eggertshus.dk\/index.php\/om\/","title":{"rendered":"Om"},"content":{"rendered":"\n<h2 class=\"wp-block-heading\">Mission<\/h2>\n\n\n\n<p>Vi \u00f8nsker at skabe en base, der er pr\u00e6get af struktur, kontinuitet og forudsigelighed for vores beboere s\u00e5ledes, at de oplever, at v\u00e6re et sted hvor de f\u00f8ler sig velkomne og \u00f8nskede samt en del af et st\u00f8rre f\u00e6llesskab, hvor de kan udvikle deres kompetencer hen imod et bedre liv.<\/p>\n\n\n\n<h2 class=\"wp-block-heading\">Historie<\/h2>\n\n\n\n<p>Eggertshus er oprettet i 1995 med udgangspunkt i et \u00f8nske om at skabe en behandlingsinstitution for b\u00f8rn og unge med sv\u00e6re vanskeligheder.<\/p>\n\n\n\n<p>Eggertshus er en selvejende institution med plads til otte b\u00f8rn\/unge i alderen 6 til 18\/23 \u00e5r.<\/p>\n\n\n\n<p>Endvidere er Eggertshus godkendt til at modtage unge efter SEL \u00a7 107<\/p>\n\n\n\n<p>Ligesom vi kan tilbyde Den 3-\u00e5rlige S\u00e6rlige Tilrettelagte Ungdomsuddannelse, STU.<\/p>\n\n\n\n<p>Eggertshus er et totaltilbud, idet vi i samarbejde med skoleforvaltningen i Svendborg kommune, kan tilbyde intern skoleundervisning, hvis der m\u00e5tte v\u00e6re behov for det.<\/p>\n\n\n\n<p>Fra skolestart 2015 er vi ligeledes godkendt til at modtage seks eksterne elever i skoledelen.<\/p>\n\n\n\n<p>I dag best\u00e5r Eggertshus af en afdeling for d\u00f8gnbehandling som er beliggende i Svendborg by, samt en skoleafdeling som er placeret i Egebjerg.<\/p>\n\n\n\n<p>Socialtilsyn Syd har godkendt Eggertshus og f\u00f8rer det lovpligtige tilsyn med driften.<\/p>\n\n\n\n<p>Svendborg kommune f\u00f8rer tilsyn med undervisningstilbuddet p\u00e5 Eggertshus.<\/p>\n\n\n\n<h2 class=\"wp-block-heading\">Vision<\/h2>\n\n\n\n<p>Vores tilbud tager udgangspunkt i at vi inden for vores m\u00e5lgruppe og arbejdsfelt, har et \u00f8nske om at udvikle og udf\u00f8re faglige og kreative behandlingsmetoder til gavn for vores beboere med skyldig hensyntagen til at dette foreg\u00e5r i den periode hvor de ogs\u00e5 gennemlever deres barndom. H\u00f8j faglighed og kvalitet er n\u00f8gleord i vores tilgang, til s\u00e5vel vores beboere, som til vores kollegaer. Vi lytter til alle; beboere, p\u00e5r\u00f8rende og andre fagpersoner, g\u00e5r i dialog og siger, hvad vi t\u00e6nker. Ligesom vi s\u00e6tter handling bag vores ord.<\/p>\n\n\n\n<p>Eggertshus vil v\u00e6re nationalt anerkendt for at v\u00e6re et behandlingstilbud der skaber resultater i behandlinger af udsatte b\u00f8rn og unge p\u00e5 baggrund af h\u00f8j faglighed. Vi vil v\u00e6re f\u00f8rende indenfor behandling af b\u00f8rn med tilknytningsforstyrrelse.<\/p>\n\n\n\n<h2 class=\"wp-block-heading\">Organisation<\/h2>\n\n\n\n<p>Eggertshus er stiftet af Lene Mathiesen og Benny Nyholm i 1995. Som en selvejende social fond og er s\u00e5ledes ledet af en bestyrelse. Den daglige ledelse varetages af forstander og p\u00e6dagogisk leder Lene Mathiesen samt souschef og \u00f8konomiansvarlig Benny Nyholm.<\/p>\n\n\n\n<p>Undervisningsafdelingen best\u00e5r af tre faguddannede l\u00e6rere og en socialp\u00e6dagog og ledes dagligt af Speciall\u00e6rer Jens S\u00f8gaard.<\/p>\n","protected":false},"excerpt":{"rendered":"<p>Mission Vi \u00f8nsker at skabe en base, der er pr\u00e6get af struktur, kontinuitet og forudsigelighed for vores beboere s\u00e5ledes, at de oplever, at v\u00e6re et sted hvor de f\u00f8ler sig velkomne og \u00f8nskede samt en del af et st\u00f8rre f\u00e6llesskab, hvor de kan udvikle deres kompetencer hen imod et bedre liv. Historie Eggertshus er oprettet [&hellip;]<\/p>\n","protected":false},"author":1,"featured_media":0,"parent":0,"menu_order":0,"comment_status":"closed","ping_status":"closed","template":"","meta":{"footnotes":""},"class_list":["post-13","page","type-page","status-publish","hentry"],"_links":{"self":[{"href":"https:\/\/eggertshus.dk\/index.php\/wp-json\/wp\/v2\/pages\/13","targetHints":{"allow":["GET"]}}],"collection":[{"href":"https:\/\/eggertshus.dk\/index.php\/wp-json\/wp\/v2\/pages"}],"about":[{"href":"https:\/\/eggertshus.dk\/index.php\/wp-json\/wp\/v2\/types\/page"}],"author":[{"embeddable":true,"href":"https:\/\/eggertshus.dk\/index.php\/wp-json\/wp\/v2\/users\/1"}],"replies":[{"embeddable":true,"href":"https:\/\/eggertshus.dk\/index.php\/wp-json\/wp\/v2\/comments?post=13"}],"version-history":[{"count":6,"href":"https:\/\/eggertshus.dk\/index.php\/wp-json\/wp\/v2\/pages\/13\/revisions"}],"predecessor-version":[{"id":306,"href":"https:\/\/eggertshus.dk\/index.php\/wp-json\/wp\/v2\/pages\/13\/revisions\/306"}],"wp:attachment":[{"href":"https:\/\/eggertshus.dk\/index.php\/wp-json\/wp\/v2\/media?parent=13"}],"curies":[{"name":"wp","href":"https:\/\/api.w.org\/{rel}","templated":true}]}}